{"id":31,"date":"2023-04-20T11:47:35","date_gmt":"2023-04-20T11:47:35","guid":{"rendered":"https:\/\/dummy.xtemos.com\/woodmart2\/furniture2-elementor\/?page_id=31"},"modified":"2025-09-01T07:12:03","modified_gmt":"2025-09-01T07:12:03","slug":"about-us","status":"publish","type":"page","link":"https:\/\/emp-runesfengshui.com\/?page_id=31","title":{"rendered":"\u00c0 propos"},"content":{"rendered":"\t\t<div data-elementor-type=\"wp-page\" data-elementor-id=\"31\" class=\"elementor elementor-31\" data-elementor-post-type=\"page\">\n\t\t\t\t<div class=\"elementor-element elementor-element-e2cbb91 e-flex e-con-boxed e-con e-parent\" data-id=\"e2cbb91\" data-element_type=\"container\">\n\t\t\t\t\t<div class=\"e-con-inner\">\n\t\t\t\t<div class=\"elementor-element elementor-element-62a6980 elementor-widget elementor-widget-heading\" data-id=\"62a6980\" data-element_type=\"widget\" data-widget_type=\"heading.default\">\n\t\t\t\t<div class=\"elementor-widget-container\">\n\t\t\t\t\t<h2 class=\"elementor-heading-title elementor-size-default\">\u00c0 propos d\u2019\u00c9nergie C\u00e9leste&amp;Cr\u00e9a<\/h2>\t\t\t\t<\/div>\n\t\t\t\t<\/div>\n\t\t\t\t<div class=\"elementor-element elementor-element-00620f0 elementor-widget elementor-widget-heading\" data-id=\"00620f0\" data-element_type=\"widget\" data-widget_type=\"heading.default\">\n\t\t\t\t<div class=\"elementor-widget-container\">\n\t\t\t\t\t<h2 class=\"elementor-heading-title elementor-size-default\">La sagesse du Yi Jing accessible, votre \u00e9nergie r\u00e9v\u00e9l\u00e9e, la m\u00e9decine chinoise \u00e0 port\u00e9e de main.<\/h2>\t\t\t\t<\/div>\n\t\t\t\t<\/div>\n\t\t\t\t<div class=\"elementor-element elementor-element-04332d7 color-scheme-dark text-left elementor-widget elementor-widget-text-editor\" data-id=\"04332d7\" data-element_type=\"widget\" data-widget_type=\"text-editor.default\">\n\t\t\t\t<div class=\"elementor-widget-container\">\n\t\t\t\t\t\t\t\t\t\u00c9nergie C\u00e9leste&amp;Cr\u00e9a, pionni\u00e8re en Europe, rend le Yi Jing accessible au quotidien, afin de r\u00e9v\u00e9ler votre \u00e9nergie et mettre la m\u00e9decine chinoise \u00e0 la port\u00e9e de tous, gr\u00e2ce \u00e0 l\u2019alliance de l\u2019\u00e9sot\u00e9risme, de l\u2019astrologie, du Feng Shui et de la science.\n\t\t\t\t\t\t\t\t<\/div>\n\t\t\t\t<\/div>\n\t\t\t\t<div class=\"elementor-element elementor-element-bbc3050 color-scheme-dark text-left elementor-widget elementor-widget-text-editor\" data-id=\"bbc3050\" data-element_type=\"widget\" data-widget_type=\"text-editor.default\">\n\t\t\t\t<div class=\"elementor-widget-container\">\n\t\t\t\t\t\t\t\t\t<p>Elle\u00a0est n\u00e9e\u00a0de la rencontre entre la science spatiale moderne occidentale et la sagesse traditionnelle chinoise. Inspir\u00e9e par la relation subtile entre le temps et l\u2019espace, elle r\u00e9v\u00e8le l\u2019harmonie de la vie et des \u00e9nergies \u00e0 travers le YiJing\u00a0(\u6613\u7ecf). Servant de pont entre tradition et innovation, elle s\u2019engage \u00e0 transmettre la lumi\u00e8re de la sagesse chinoise \u00e0 la France et au monde. \u00c9nergie C\u00e9leste&amp;Cr\u00e9a ouvre ainsi un chemin vers l\u2019\u00e9quilibre int\u00e9rieur et la vitalit\u00e9.<\/p><p><strong><b>L&rsquo;\u00e9nergie cr\u00e9\u00e9e uniquement pour vous.<\/b><\/strong><\/p>\t\t\t\t\t\t\t\t<\/div>\n\t\t\t\t<\/div>\n\t\t\t\t<div class=\"elementor-element elementor-element-a440dd4 elementor-widget elementor-widget-heading\" data-id=\"a440dd4\" data-element_type=\"widget\" data-widget_type=\"heading.default\">\n\t\t\t\t<div class=\"elementor-widget-container\">\n\t\t\t\t\t<h2 class=\"elementor-heading-title elementor-size-default\">Notre Vision<\/h2>\t\t\t\t<\/div>\n\t\t\t\t<\/div>\n\t\t\t\t<div class=\"elementor-element elementor-element-4107ae8 elementor-widget elementor-widget-heading\" data-id=\"4107ae8\" data-element_type=\"widget\" data-widget_type=\"heading.default\">\n\t\t\t\t<div class=\"elementor-widget-container\">\n\t\t\t\t\t<h2 class=\"elementor-heading-title elementor-size-default\">\u201cLa vraie force na\u00eet de son \u00e9nergie int\u00e9rieure\u201d<\/h2>\t\t\t\t<\/div>\n\t\t\t\t<\/div>\n\t\t\t\t<div class=\"elementor-element elementor-element-4289321 color-scheme-dark text-left elementor-widget elementor-widget-text-editor\" data-id=\"4289321\" data-element_type=\"widget\" data-widget_type=\"text-editor.default\">\n\t\t\t\t<div class=\"elementor-widget-container\">\n\t\t\t\t\t\t\t\t\t<header><p>Notre vie n\u2019a pas d\u2019\u00e9chec : <strong><b>soit r\u00e9ussir, soit <\/b><\/strong><strong><b>murir<\/b><\/strong>.<br \/>Pas d\u2019ennemis, seulement des enseignants : <strong><b>soit s\u2019\u00e9panouir, soit grandir<\/b><\/strong>.<br \/>Aucun chemin n\u2019est perdu : <strong><b>soit c\u00e9l\u00e9brer, soit progresser<\/b><\/strong>.<br \/>Rien ni personne ne peut nous arr\u00eater : <strong><b>soit accepter, soit avancer<\/b><\/strong>.<br \/><strong><b>Chacun peut r\u00e9v\u00e9ler sa propre \u00e9nergie<\/b><\/strong>\u00a0<strong><b>int\u00e9rieure<\/b><\/strong>\u00a0: accueillir tout ce qui arrive, car tout est la voie juste et la meilleure de la vie.<\/p><\/header>\t\t\t\t\t\t\t\t<\/div>\n\t\t\t\t<\/div>\n\t\t\t\t<div class=\"elementor-element elementor-element-462cf79 elementor-widget elementor-widget-heading\" data-id=\"462cf79\" data-element_type=\"widget\" data-widget_type=\"heading.default\">\n\t\t\t\t<div class=\"elementor-widget-container\">\n\t\t\t\t\t<h2 class=\"elementor-heading-title elementor-size-default\">Notre Mission<\/h2>\t\t\t\t<\/div>\n\t\t\t\t<\/div>\n\t\t\t\t<div class=\"elementor-element elementor-element-9ff8efe color-scheme-dark text-left elementor-widget elementor-widget-text-editor\" data-id=\"9ff8efe\" data-element_type=\"widget\" data-widget_type=\"text-editor.default\">\n\t\t\t\t<div class=\"elementor-widget-container\">\n\t\t\t\t\t\t\t\t\t<header><p>\u00catre le pont entre les sagesses orientale et occidentale, transmettre la sagesse chinoise, r\u00e9v\u00e9ler votre \u00e9nergie et rayonner de lumi\u00e8re.<\/p><\/header>\t\t\t\t\t\t\t\t<\/div>\n\t\t\t\t<\/div>\n\t\t\t\t<div class=\"elementor-element elementor-element-9a4ace7 elementor-widget elementor-widget-heading\" data-id=\"9a4ace7\" data-element_type=\"widget\" data-widget_type=\"heading.default\">\n\t\t\t\t<div class=\"elementor-widget-container\">\n\t\t\t\t\t<h2 class=\"elementor-heading-title elementor-size-default\">Notre Objectif <\/h2>\t\t\t\t<\/div>\n\t\t\t\t<\/div>\n\t\t\t\t<div class=\"elementor-element elementor-element-3b1203d color-scheme-dark text-left elementor-widget elementor-widget-text-editor\" data-id=\"3b1203d\" data-element_type=\"widget\" data-widget_type=\"text-editor.default\">\n\t\t\t\t<div class=\"elementor-widget-container\">\n\t\t\t\t\t\t\t\t\tVous offrir des perspectives claires pour prendre de meilleures d\u00e9cisions, afin que la sagesse chinoise devienne une force int\u00e9rieure qui \u00e9l\u00e8ve votre \u00e9nergie et vous aide \u00e0 surmonter les d\u00e9fis de la vie. \t\t\t\t\t\t\t\t<\/div>\n\t\t\t\t<\/div>\n\t\t\t\t<div class=\"elementor-element elementor-element-2b199a4 color-scheme-dark text-left elementor-widget elementor-widget-text-editor\" data-id=\"2b199a4\" data-element_type=\"widget\" data-widget_type=\"text-editor.default\">\n\t\t\t\t<div class=\"elementor-widget-container\">\n\t\t\t\t\t\t\t\t\tConcr\u00e8tement, \u00e0 travers\u00a0: \t\t\t\t\t\t\t\t<\/div>\n\t\t\t\t<\/div>\n\t\t\t\t<div class=\"elementor-element elementor-element-fe82d86 color-scheme-dark text-left elementor-widget elementor-widget-text-editor\" data-id=\"fe82d86\" data-element_type=\"widget\" data-widget_type=\"text-editor.default\">\n\t\t\t\t<div class=\"elementor-widget-container\">\n\t\t\t\t\t\t\t\t\t<header><ul><li><b><\/b><strong><b>T<\/b><\/strong>ransmettre la sagesse chinoise via des ateliers et des cours.<\/li><li><b><\/b><strong><b>H<\/b><\/strong>armoniser vos \u00e9nergies et \u00e9veiller votre potentiel gr\u00e2ce \u00e0 des consultations et des recommandations d\u2019objets.<\/li><li><b><\/b><strong><b>E<\/b><\/strong>xplorer les racines de la culture et la sagesse de la vie \u00e0 travers des voyages spirituels.<\/li><li><b><\/b><strong><b>C<\/b><\/strong>r\u00e9er une communaut\u00e9 d\u2019apprentissage de la m\u00e9decine chinoise pour que chacun devienne l\u2019expert de sa propre sant\u00e9 et de son bien-\u00eatre.<b><\/b><\/li><\/ul><\/header>\t\t\t\t\t\t\t\t<\/div>\n\t\t\t\t<\/div>\n\t\t\t\t\t<\/div>\n\t\t\t\t<\/div>\n\t\t\t\t<\/div>\n\t\t","protected":false},"excerpt":{"rendered":"<p>\u00c0 propos d\u2019\u00c9nergie C\u00e9leste&amp;Cr\u00e9a La sagesse du Yi Jing accessible, votre \u00e9nergie r\u00e9v\u00e9l\u00e9e, la m\u00e9decine chinoise \u00e0 port\u00e9e de main.<\/p>\n","protected":false},"author":1,"featured_media":0,"parent":0,"menu_order":0,"comment_status":"closed","ping_status":"closed","template":"","meta":{"_acf_changed":false,"_price":"","_stock":"","_tribe_ticket_header":"","_tribe_default_ticket_provider":"","_tribe_ticket_capacity":"0","_ticket_start_date":"","_ticket_end_date":"","_tribe_ticket_show_description":"","_tribe_ticket_show_not_going":false,"_tribe_ticket_use_global_stock":"","_tribe_ticket_global_stock_level":"","_global_stock_mode":"","_global_stock_cap":"","_tribe_rsvp_for_event":"","_tribe_ticket_going_count":"","_tribe_ticket_not_going_count":"","_tribe_tickets_list":"[]","_tribe_ticket_has_attendee_info_fields":false,"footnotes":""},"class_list":["post-31","page","type-page","status-publish","hentry"],"acf":[],"_links":{"self":[{"href":"https:\/\/emp-runesfengshui.com\/index.php?rest_route=\/wp\/v2\/pages\/31","targetHints":{"allow":["GET"]}}],"collection":[{"href":"https:\/\/emp-runesfengshui.com\/index.php?rest_route=\/wp\/v2\/pages"}],"about":[{"href":"https:\/\/emp-runesfengshui.com\/index.php?rest_route=\/wp\/v2\/types\/page"}],"author":[{"embeddable":true,"href":"https:\/\/emp-runesfengshui.com\/index.php?rest_route=\/wp\/v2\/users\/1"}],"replies":[{"embeddable":true,"href":"https:\/\/emp-runesfengshui.com\/index.php?rest_route=%2Fwp%2Fv2%2Fcomments&post=31"}],"version-history":[{"count":5,"href":"https:\/\/emp-runesfengshui.com\/index.php?rest_route=\/wp\/v2\/pages\/31\/revisions"}],"predecessor-version":[{"id":5900,"href":"https:\/\/emp-runesfengshui.com\/index.php?rest_route=\/wp\/v2\/pages\/31\/revisions\/5900"}],"wp:attachment":[{"href":"https:\/\/emp-runesfengshui.com\/index.php?rest_route=%2Fwp%2Fv2%2Fmedia&parent=31"}],"curies":[{"name":"wp","href":"https:\/\/api.w.org\/{rel}","templated":true}]}}